{"id":29609,"date":"2025-01-25T15:58:38","date_gmt":"2025-01-25T20:58:38","guid":{"rendered":"https:\/\/casafofo.com\/?page_id=29609"},"modified":"2025-01-25T16:06:19","modified_gmt":"2025-01-25T21:06:19","slug":"contacto-2","status":"publish","type":"page","link":"https:\/\/casafofo.com\/es\/contacto-2\/","title":{"rendered":"PAGO ONLINE"},"content":{"rendered":"<p>[et_pb_section fb_built=\u00bb1&#8243; _builder_version=\u00bb4.25.2&#8243; _module_preset=\u00bbdefault\u00bb background_color=\u00bb#E09900&#8243; height=\u00bb100px\u00bb max_height=\u00bb1000px\u00bb custom_margin=\u00bb-108px||||false|false\u00bb custom_padding=\u00bb||0px|||\u00bb global_colors_info=\u00bb{}\u00bb][\/et_pb_section][et_pb_section fb_built=\u00bb1&#8243; _builder_version=\u00bb4.26.0&#8243; _module_preset=\u00bbdefault\u00bb background_color=\u00bb#E09900&#8243; global_colors_info=\u00bb{}\u00bb][et_pb_row _builder_version=\u00bb4.26.0&#8243; _module_preset=\u00bbdefault\u00bb global_colors_info=\u00bb{}\u00bb][et_pb_column type=\u00bb4_4&#8243; _builder_version=\u00bb4.26.0&#8243; _module_preset=\u00bbdefault\u00bb global_colors_info=\u00bb{}\u00bb][et_pb_image src=\u00bbhttps:\/\/casafofo.com\/wp-content\/uploads\/2024\/07\/cropped-Casa-Fofo-Logo.jpg\u00bb title_text=\u00bbrecortado-Casa-Fofo-Logo.jpg\u00bb align=\u00bbcenter\u00bb _builder_version=\u00bb4.26.0&#8243; _module_preset=\u00bbdefault\u00bb height=\u00bb270px\u00bb border_radii=\u00bbon|300px|300px|300px|300px\u00bb global_colors_info=\u00bb{}\u00bb][\/et_pb_image][\/et_pb_column][\/et_pb_row][\/et_pb_section][et_pb_section fb_built=\u00bb1&#8243; specialty=\u00bbon\u00bb admin_label=\u00bbsection\u00bb _builder_version=\u00bb4.26.0&#8243; custom_padding=\u00bb30px|0px|0px|0px\u00bb transparent_background=\u00bboff\u00bb make_fullwidth=\u00bboff\u00bb use_custom_width=\u00bboff\u00bb width_unit=\u00bboff\u00bb custom_width_px=\u00bb1080px\u00bb custom_width_percent=\u00bb80%\u00bb global_colors_info=\u00bb{}\u00bb][et_pb_column type=\u00bb1_2&#8243; specialty_columns=\u00bb2&#8243; _builder_version=\u00bb4.16&#8243; custom_padding=\u00bb|||\u00bb global_colors_info=\u00bb{}\u00bb custom_padding__hover=\u00bb|||\u00bb][et_pb_row_inner admin_label=\u00bbrow_inner\u00bb _builder_version=\u00bb4.27.2&#8243; global_colors_info=\u00bb{}\u00bb][et_pb_column_inner saved_specialty_column_type=\u00bb1_2&#8243; _builder_version=\u00bb4.16&#8243; custom_padding=\u00bb|||\u00bb global_colors_info=\u00bb{}\u00bb custom_padding__hover=\u00bb|||\u00bb][et_pb_text admin_label=\u00bbText\u00bb _builder_version=\u00bb4.27.2&#8243; text_text_color=\u00bb#000000&#8243; text_font_size=\u00bb15px\u00bb text_line_height=\u00bb1.5em\u00bb background_size=\u00bbinitial\u00bb background_position=\u00bbtop_left\u00bb background_repeat=\u00bbrepeat\u00bb use_border_color=\u00bboff\u00bb border_style=\u00bbsolid\u00bb global_colors_info=\u00bb{}\u00bb]<\/p>\n<h2 class=\"p1\"><b>PAGO POR ADELANTADO<\/b><\/h2>\n<p>\u00bfEst\u00e1s planeando una escapada relajante en un entorno id\u00edlico o tienes alguna pregunta sobre nuestros servicios? \u00a1No dudes en ponerte en contacto con nosotros! En Casa Fofo, siempre estamos encantados de ayudar a nuestros futuros hu\u00e9spedes a planificar su estancia perfecta.<\/p>\n<p class=\"p1\">Gracias por elegir Casa Fofo para tu estancia. Antes de hacer una reserva definitiva, <b>ponte en contacto con nosotros para comprobar la disponibilidad<\/b> y obtener una <b>tarifa personalizada<\/b>. Los precios pueden variar seg\u00fan :  <\/p>\n<p class=\"p2\"><span class=\"Apple-tab-span\"> <\/span><span class=\"Apple-tab-span\"> <\/span>&#8211; El n\u00famero de personas,<\/p>\n<p class=\"p2\"><span class=\"Apple-tab-span\"> <\/span><span class=\"Apple-tab-span\"> <\/span>&#8211; El tipo de habitaci\u00f3n,<\/p>\n<p class=\"p2\"><span class=\"Apple-tab-span\"> <\/span><span class=\"Apple-tab-span\"> <\/span>&#8211; La \u00e9poca del a\u00f1o,<\/p>\n<p class=\"p2\"><span class=\"Apple-tab-span\"> <\/span><span class=\"Apple-tab-span\"> <\/span>&#8211; La duraci\u00f3n de tu estancia.<\/p>\n<p class=\"p4\"><b><\/b><\/p>\n<p class=\"p4\"><b>Formas de pago<\/b><b><\/b><\/p>\n<p class=\"p1\">Una vez confirmada tu reserva, puedes pagar tu estancia utilizando una de las siguientes opciones:<\/p>\n<p class=\"p2\"><span class=\"Apple-tab-span\"> <\/span><span class=\"Apple-tab-span\"> <\/span>&#8211;<b>PayPal<\/b>: Paga f\u00e1cilmente con tu cuenta PayPal o directamente con tarjeta de cr\u00e9dito a trav\u00e9s de nuestro enlace seguro de PayPal.<\/p>\n<p class=\"p2\"><span class=\"Apple-tab-span\"> <\/span><span class=\"Apple-tab-span\"> <\/span>&#8211; Yappy: Una opci\u00f3n r\u00e1pida y c\u00f3moda para nuestros clientes que viven en Panam\u00e1 (+507 6816-8098).<\/p>\n<p class=\"p3\">\n<p class=\"p4\"><b>Pol\u00edtica de cancelaci\u00f3n<\/b><b><\/b><\/p>\n<p class=\"p2\"><span class=\"Apple-tab-span\"> <\/span><span class=\"Apple-tab-span\"> <\/span>&#8211; Las cancelaciones son gratuitas hasta<b>8 d\u00edas antes de<\/b> la fecha de llegada.<\/p>\n<p class=\"p2\"><span class=\"Apple-tab-span\"> <\/span><span class=\"Apple-tab-span\"> <\/span>&#8211; No se reembolsar\u00e1n las cancelaciones realizadas<b>7 d\u00edas o menos antes de la fecha de llegada<\/b>.<\/p>\n<p class=\"p3\">\n<p class=\"p1\">Para garantizar tu reserva, se requiere el pago por adelantado una vez que hayas confirmado los detalles de tu estancia con nosotros.<\/p>\n<p class=\"p3\">\n<p class=\"p1\">Ponte en contacto con nosotros ahora para solicitar un presupuesto y organizar tu estancia:<\/p>\n<p><em><span style=\"text-decoration: underline;\">Correo electr\u00f3nico<\/span>: <a href=\"mailto:casafofo.pty@gmail.com\">casafofo.pty@gmail.com<\/a><\/em><br \/><em><span style=\"text-decoration: underline;\">Whatsapp<\/span>: +507 6816-8098<\/em><\/p>\n<p><em><\/em><\/p>\n<p><em><strong>Casa Fofo, donde tus sue\u00f1os de vacaciones se hacen realidad.<\/strong><\/em><\/p>\n<p>[\/et_pb_text][\/et_pb_column_inner][\/et_pb_row_inner][\/et_pb_column][et_pb_column type=\u00bb1_2&#8243; _builder_version=\u00bb4.16&#8243; custom_padding=\u00bb|||\u00bb global_colors_info=\u00bb{}\u00bb custom_padding__hover=\u00bb|||\u00bb][et_pb_gallery gallery_ids=\u00bb28919&#8243; fullwidth=\u00bbon\u00bb admin_label=\u00bbGallery\u00bb _builder_version=\u00bb4.25.2&#8243; background_layout=\u00bbdark\u00bb max_width=\u00bb60%\u00bb module_alignment=\u00bbcenter\u00bb use_border_color=\u00bboff\u00bb border_color=\u00bb#ffffff\u00bb border_width=\u00bb1px\u00bb border_style=\u00bbsolid\u00bb global_colors_info=\u00bb{}\u00bb][\/et_pb_gallery][\/et_pb_column][\/et_pb_section][et_pb_section fb_built=\u00bb1&#8243; admin_label=\u00bbsection\u00bb _builder_version=\u00bb4.16&#8243; transparent_background=\u00bboff\u00bb make_fullwidth=\u00bboff\u00bb use_custom_width=\u00bboff\u00bb width_unit=\u00bboff\u00bb custom_width_px=\u00bb1080px\u00bb custom_width_percent=\u00bb80%\u00bb global_colors_info=\u00bb{}\u00bb][et_pb_row _builder_version=\u00bb4.26.0&#8243; _module_preset=\u00bbdefault\u00bb width=\u00bb100%\u00bb max_width=\u00bb1014px\u00bb module_alignment=\u00bbcenter\u00bb custom_margin=\u00bb|0px||auto|false|false\u00bb global_colors_info=\u00bb{}\u00bb][et_pb_column type=\u00bb4_4&#8243; _builder_version=\u00bb4.26.0&#8243; _module_preset=\u00bbdefault\u00bb global_colors_info=\u00bb{}\u00bb][et_pb_code _builder_version=\u00bb4.27.2&#8243; _module_preset=\u00bbdefault\u00bb hover_enabled=\u00bb0&#8243; global_colors_info=\u00bb{}\u00bb sticky_enabled=\u00bb0&#8243;]<script src=\"https:\/\/www.paypal.com\/sdk\/js?client-id=BAA3GA3podHVj-gjxOSeARgmpoVdSFd0k0rOi0WH9k-EWCrU0kL3IaDKk3s8d7LFCsFvZYILPnKWfOJARs&#038;components=hosted-buttons&#038;disable-funding=venmo&#038;currency=USD\"><\/script><!-- [et_pb_line_break_holder] --><\/p>\n<div id=\"paypal-container-MC62XASDZJPPS\"><\/div>\n<p><!-- [et_pb_line_break_holder] --><script><!-- [et_pb_line_break_holder] -->  paypal.HostedButtons({<!-- [et_pb_line_break_holder] -->    hostedButtonId: \"MC62XASDZJPPS\",<!-- [et_pb_line_break_holder] -->  }).render(\"#paypal-container-MC62XASDZJPPS\")<!-- [et_pb_line_break_holder] --><\/script>[\/et_pb_code][\/et_pb_column][\/et_pb_row][et_pb_row column_structure=\u00bb1_3,1_3,1_3&#8243; use_custom_gutter=\u00bbon\u00bb gutter_width=\u00bb2&#8243; custom_padding_last_edited=\u00bbon|tablet\u00bb admin_label=\u00bbfila\u00bb _builder_version=\u00bb4.16&#8243; background_size=\u00bbinitial\u00bb background_position=\u00bbtop_left\u00bb background_repeat=\u00bbrepeat\u00bb custom_padding=\u00bb30px|0px|30px|0px\u00bb custom_padding_tablet=\u00bb10px||40px|\u00bb custom_padding_phone=\u00bb\u00bb make_fullwidth=\u00bboff\u00bb use_custom_width=\u00bboff\u00bb width_unit=\u00bboff\u00bb custom_width_px=\u00bb1080px\u00bb custom_width_percent=\u00bb80%\u00bb global_colors_info=\u00bb{}\u00bb][et_pb_column type=\u00bb1_3&#8243; _builder_version=\u00bb4.16&#8243; custom_padding=\u00bb|||\u00bb global_colors_info=\u00bb{}\u00bb custom_padding__hover=\u00bb|||\u00bb][et_pb_text admin_label=\u00bbText\u00bb _builder_version=\u00bb4.25.2&#8243; text_text_color=\u00bb#000000&#8243; text_font_size=\u00bb16px\u00bb text_line_height=\u00bb1em\u00bb background_size=\u00bbinitial\u00bb background_position=\u00bbtop_left\u00bb background_repeat=\u00bbrepeat\u00bb text_orientation=\u00bbcenter\u00bb module_alignment=\u00bbcenter\u00bb use_border_color=\u00bboff\u00bb border_style=\u00bbsolid\u00bb global_colors_info=\u00bb{}\u00bb]<\/p>\n<p>Direcci\u00f3n :<\/p>\n<p>Calle Hacia Playa Ensenada, San Carlos, Panam\u00e1 Oeste<\/p>\n<p>[\/et_pb_text][\/et_pb_column][et_pb_column type=\u00bb1_3&#8243; _builder_version=\u00bb4.16&#8243; custom_padding=\u00bb|||\u00bb global_colors_info=\u00bb{}\u00bb custom_padding__hover=\u00bb|||\u00bb][et_pb_text admin_label=\u00bbText\u00bb _builder_version=\u00bb4.25.2&#8243; text_font_size=\u00bb16px\u00bb text_line_height=\u00bb1em\u00bb background_size=\u00bbinitial\u00bb background_position=\u00bbtop_left\u00bb background_repeat=\u00bbrepeat\u00bb text_orientation=\u00bbcenter\u00bb module_alignment=\u00bbcenter\u00bb custom_margin=\u00bb|||\u00bb custom_margin_tablet=\u00bb10px|||\u00bb custom_margin_phone=\u00bb\u00bb custom_margin_last_edited=\u00bbon|phone\u00bb use_border_color=\u00bboff\u00bb border_style=\u00bbsolid\u00bb global_colors_info=\u00bb{}\u00bb]<\/p>\n<p>Whatsapp :<\/p>\n<p>+507 6816-8098<\/p>\n<p>[\/et_pb_text][\/et_pb_column][et_pb_column type=\u00bb1_3&#8243; _builder_version=\u00bb4.16&#8243; custom_padding=\u00bb|||\u00bb global_colors_info=\u00bb{}\u00bb custom_padding__hover=\u00bb|||\u00bb][et_pb_text admin_label=\u00bbText\u00bb _builder_version=\u00bb4.25.2&#8243; text_font_size=\u00bb16px\u00bb text_line_height=\u00bb1em\u00bb background_size=\u00bbinitial\u00bb background_position=\u00bbtop_left\u00bb background_repeat=\u00bbrepeat\u00bb text_orientation=\u00bbcenter\u00bb module_alignment=\u00bbcenter\u00bb custom_margin_tablet=\u00bb10px|||\u00bb custom_margin_phone=\u00bb\u00bb custom_margin_last_edited=\u00bbon|phone\u00bb use_border_color=\u00bboff\u00bb border_style=\u00bbsolid\u00bb global_colors_info=\u00bb{}\u00bb]<\/p>\n<p>Horario de apertura :<\/p>\n<p>De lunes a domingo, de 8 a 22 h<\/p>\n<p>[\/et_pb_text][\/et_pb_column][\/et_pb_row][\/et_pb_section]<\/p>\n","protected":false},"excerpt":{"rendered":"<p>PAGO POR ADELANTADO \u00bfEst\u00e1s planeando una escapada relajante en un entorno id\u00edlico o tienes alguna pregunta sobre nuestros servicios? \u00a1No dudes en ponerte en contacto con nosotros! En Casa Fofo, siempre estamos encantados de ayudar a nuestros futuros hu\u00e9spedes a planificar su estancia perfecta. Gracias por elegir Casa Fofo para tu estancia. Antes de hacer [&hellip;]<\/p>\n","protected":false},"author":1,"featured_media":0,"parent":0,"menu_order":0,"comment_status":"closed","ping_status":"closed","template":"","meta":{"_et_pb_use_builder":"on","_et_pb_old_content":"","_et_gb_content_width":"","footnotes":""},"class_list":["post-29609","page","type-page","status-publish","hentry"],"_links":{"self":[{"href":"https:\/\/casafofo.com\/es\/wp-json\/wp\/v2\/pages\/29609","targetHints":{"allow":["GET"]}}],"collection":[{"href":"https:\/\/casafofo.com\/es\/wp-json\/wp\/v2\/pages"}],"about":[{"href":"https:\/\/casafofo.com\/es\/wp-json\/wp\/v2\/types\/page"}],"author":[{"embeddable":true,"href":"https:\/\/casafofo.com\/es\/wp-json\/wp\/v2\/users\/1"}],"replies":[{"embeddable":true,"href":"https:\/\/casafofo.com\/es\/wp-json\/wp\/v2\/comments?post=29609"}],"version-history":[{"count":9,"href":"https:\/\/casafofo.com\/es\/wp-json\/wp\/v2\/pages\/29609\/revisions"}],"predecessor-version":[{"id":29637,"href":"https:\/\/casafofo.com\/es\/wp-json\/wp\/v2\/pages\/29609\/revisions\/29637"}],"wp:attachment":[{"href":"https:\/\/casafofo.com\/es\/wp-json\/wp\/v2\/media?parent=29609"}],"curies":[{"name":"wp","href":"https:\/\/api.w.org\/{rel}","templated":true}]}}